{"id":37,"date":"2023-09-22T11:01:59","date_gmt":"2023-09-22T11:01:59","guid":{"rendered":"https:\/\/clinicadentallamalaha.com\/?page_id=37"},"modified":"2024-04-26T15:33:17","modified_gmt":"2024-04-26T15:33:17","slug":"la-clinica","status":"publish","type":"page","link":"https:\/\/clinicadentallamalaha.com\/?page_id=37","title":{"rendered":"La cl\u00ednica"},"content":{"rendered":"\n<div class=\"wp-block-stackable-columns alignfull stk-block-columns stk-block stk-fdb6e59 stk-block-background stk--has-background-overlay\" data-block-id=\"fdb6e59\"><style>.stk-fdb6e59{background-color:color-mix(in srgb,var(--ast-global-color-0) 100%,transparent) !important;background-image:url(http:\/\/clinicadentallamalaha.com\/wp-content\/uploads\/2023\/09\/DSC04973-scaled.jpg) !important;margin-bottom:0px !important}.stk-fdb6e59:before{background-color:color-mix(in srgb,var(--ast-global-color-0) 100%,transparent) !important;opacity:0.6 !important}<\/style><div class=\"stk-row stk-inner-blocks stk-block-content stk-content-align stk-fdb6e59-column alignfull\">\n<div class=\"wp-block-stackable-column stk-block-column stk-column stk-block stk-8fc3e3d\" data-v=\"4\" data-block-id=\"8fc3e3d\"><div class=\"stk-column-wrapper stk-block-column__content stk-container stk-8fc3e3d-container stk--no-background stk--no-padding\"><div class=\"stk-block-content stk-inner-blocks stk-8fc3e3d-inner-blocks\">\n<div class=\"wp-block-stackable-hero stk-block-hero stk-block stk-73d183d is-style-default\" data-v=\"2\" data-block-id=\"73d183d\"><style>.stk-73d183d-inner-blocks{justify-content:center !important}.stk-73d183d .stk-block-hero__content{min-height:500px !important}<\/style><div class=\"stk-block-hero__content stk-content-align stk-73d183d-column stk-container stk-73d183d-container stk--no-background stk--no-padding\"><div class=\"stk-block-content stk-inner-blocks has-text-align-center stk--column-flex stk-73d183d-inner-blocks\">\n<div class=\"wp-block-stackable-heading stk-block-heading stk-block-heading--v2 stk-block stk-ec6ac3b\" id=\"strong-conoce-nuestro-centro-odontologico-br-en-granada-strong\" data-block-id=\"ec6ac3b\"><style>.stk-ec6ac3b .stk-block-heading__text{color:var(--ast-global-color-7) !important}<\/style><h2 class=\"stk-block-heading__text has-text-color\"><strong>CONOCE NUESTRO CENTRO ODONTOL\u00d3GICO<br> EN GRANADA<\/strong><\/h2><\/div>\n\n\n\n<div class=\"wp-block-stackable-text stk-block-text stk-block stk-5a727fd\" data-block-id=\"5a727fd\"><style>.stk-5a727fd .stk-block-text__text{color:var(--ast-global-color-7) !important}<\/style><p class=\"stk-block-text__text has-text-color\">Tratamientos especializados con un equipo experto en odontolog\u00eda<\/p><\/div>\n\n\n\n<div class=\"wp-block-stackable-button-group stk-block-button-group stk-block stk-9d29345\" data-block-id=\"9d29345\"><div class=\"stk-row stk-inner-blocks stk-block-content stk-button-group\">\n<div class=\"wp-block-stackable-button stk-block-button stk-block stk-b5c93a3\" data-block-id=\"b5c93a3\"><style>.stk-b5c93a3 .stk-button{background:var(--ast-global-color-5) !important}<\/style><a class=\"stk-link stk-button stk--hover-effect-darken\" href=\"https:\/\/clinicadentallamalaha.com\/?page_id=41\"><span class=\"stk-button__inner-text\">CONT\u00c1CTANOS<\/span><\/a><\/div>\n<\/div><\/div>\n<\/div><\/div><\/div>\n<\/div><\/div><\/div>\n<\/div><\/div>\n\n\n\n<div class=\"wp-block-stackable-columns alignfull stk-block-columns stk-block stk-4456d1b stk-block-background\" data-block-id=\"4456d1b\"><style>.stk-4456d1b{background-color:transparent !important}.stk-4456d1b:before{background-color:transparent !important}<\/style><div class=\"stk-row stk-inner-blocks stk-block-content stk-content-align stk-4456d1b-column alignfull\">\n<div class=\"wp-block-stackable-column stk-block-column stk-column stk-block stk-c1400ff\" data-v=\"4\" data-block-id=\"c1400ff\"><style>@media screen and (min-width:768px){.stk-c1400ff{flex:var(--stk-flex-grow,1) 1 calc(45.2% - var(--stk-column-gap,0px) * 1 \/ 2 ) !important}}<\/style><div class=\"stk-column-wrapper stk-block-column__content stk-container stk-c1400ff-container stk--no-background stk--no-padding\"><div class=\"stk-block-content stk-inner-blocks stk-c1400ff-inner-blocks\">\n<div class=\"wp-block-stackable-hero stk-block-hero stk-block stk-cf780eb stk-block-background is-style-default\" data-v=\"2\" data-block-id=\"cf780eb\"><style>.stk-cf780eb-inner-blocks{align-items:flex-start !important;justify-content:center !important}.stk-cf780eb{background-color:var(--ast-global-color-2) !important;border-radius:0px !important;overflow:hidden !important}.stk-cf780eb:before{background-color:var(--ast-global-color-2) !important}.stk-cf780eb .stk-block-hero__content{min-height:500px !important}<\/style><div class=\"stk-block-hero__content stk-content-align stk-cf780eb-column stk-container stk-cf780eb-container stk--no-background stk--no-padding\"><div class=\"stk-block-content stk-inner-blocks has-text-align-center stk--column-flex stk-cf780eb-inner-blocks\">\n<div class=\"wp-block-stackable-heading stk-block-heading stk-block-heading--v2 stk-block stk-5beeae2\" id=\"span-style-color-var-ast-global-color-7-class-stk-highlight-instalaciones-span\" data-block-id=\"5beeae2\"><h2 class=\"stk-block-heading__text has-text-align-left\"><span style=\"color: var(--ast-global-color-7);\" class=\"stk-highlight\">Instalaciones<\/span><\/h2><\/div>\n\n\n\n<p class=\"has-text-align-left\"><span style=\"color: var(--ast-global-color-7);\" class=\"stk-highlight\">Tecnolog\u00eda y confort a tu alcance.<br>En Cl\u00ednica Dental La Malaga contamos con la&nbsp;<strong>\u00faltima tecnolog\u00eda&nbsp;<\/strong>en odontolog\u00eda, acompa\u00f1adas de unas acogedoras instalaciones para que nuestros pacientes se sientan como en casa antes, durante y despu\u00e9s de su tratamiento.<\/span><\/p>\n\n\n\n<p class=\"has-text-align-left\"><span style=\"color: var(--ast-global-color-7);\" class=\"stk-highlight\">No nos olvidamos de tus acompa\u00f1antes, por ello en Cl\u00ednica La Malaha adem\u00e1s de cuidar de tu salud, ofrecemos a aquellos que acuden contigo caf\u00e9 y un c\u00f3modo espacio donde su espera sea de lo m\u00e1s agradable.<\/span><\/p>\n<\/div><\/div><\/div>\n<\/div><\/div><\/div>\n\n\n\n<div class=\"wp-block-stackable-column stk-block-column stk-column stk-block stk-c3bdcae\" data-v=\"4\" data-block-id=\"c3bdcae\"><style>@media screen and (min-width:768px){.stk-c3bdcae{flex:var(--stk-flex-grow,1) 1 calc(54.8% - var(--stk-column-gap,0px) * 1 \/ 2 ) !important}}<\/style><div class=\"stk-column-wrapper stk-block-column__content stk-container stk-c3bdcae-container stk--no-background stk--no-padding\"><div class=\"stk-block-content stk-inner-blocks stk-c3bdcae-inner-blocks\">\n<div class=\"wp-block-uagb-image uagb-block-9f184285 wp-block-uagb-image--layout-default wp-block-uagb-image--effect-static wp-block-uagb-image--align-none\"><figure class=\"wp-block-uagb-image__figure\"><img decoding=\"async\"  sizes=\"(max-width: 480px) 150px\" src=\"http:\/\/clinicadentallamalaha.com\/wp-content\/uploads\/2023\/09\/DSC04996-1024x576.jpg\" alt=\"\" width=\"1024\" height=\"576\" title=\"\" loading=\"lazy\" role=\"img\"\/><\/figure><\/div>\n<\/div><\/div><\/div>\n<\/div><\/div>\n\n\n\n<div class=\"wp-block-stackable-columns alignfull stk-block-columns stk-block stk-a07d7a8 stk-block-background\" data-block-id=\"a07d7a8\"><style>.stk-a07d7a8{margin-bottom:0px !important}<\/style><div class=\"stk-row stk-inner-blocks stk-block-content stk-content-align stk-a07d7a8-column alignfull\">\n<div class=\"wp-block-stackable-column stk-block-column stk-column stk-block stk-528b529\" data-v=\"4\" data-block-id=\"528b529\"><style>.stk-528b529{border-radius:0px !important;overflow:hidden !important}@media screen and (min-width:768px){.stk-528b529{flex:var(--stk-flex-grow,1) 1 calc(42.8% - var(--stk-column-gap,0px) * 1 \/ 2 ) !important}}<\/style><div class=\"stk-column-wrapper stk-block-column__content stk-container stk-528b529-container stk--no-background stk--no-padding\"><div class=\"stk-block-content stk-inner-blocks stk-528b529-inner-blocks\">\n<div class=\"wp-block-stackable-hero stk-block-hero stk-block stk-6cf236a is-style-default\" data-v=\"2\" data-block-id=\"6cf236a\"><style>.stk-6cf236a-inner-blocks{justify-content:center !important}<\/style><div class=\"stk-block-hero__content stk-content-align stk-6cf236a-column stk-container stk-6cf236a-container stk-hover-parent\"><div class=\"stk-block-content stk-inner-blocks has-text-align-center stk--column-flex stk-6cf236a-inner-blocks\">\n<div class=\"wp-block-stackable-heading stk-block-heading stk-block-heading--v2 stk-block stk-829d815\" id=\"equipo-de-profesionales-br-la-malaha\" data-block-id=\"829d815\"><style>.stk-829d815 .stk-block-heading__text{color:#000000 !important}<\/style><h2 class=\"stk-block-heading__text has-text-color\">EQUIPO DE PROFESIONALES <br>LA MALAH\u00c1<\/h2><\/div>\n\n\n\n<p class=\"has-ast-global-color-0-color has-text-color\">Nuestro sello es la excelencia sanitaria y prot\u00e9sica, nuestro objetivo el bienestar de nuestros pacientes, por ello combinamos un equipo de profesionales altamente cualificado y un servicio de atenci\u00f3n al paciente con el que obtendr\u00e1 un trato personalizado y adaptado a sus necesidades.<\/p>\n<\/div><\/div><\/div>\n<\/div><\/div><\/div>\n\n\n\n<div class=\"wp-block-stackable-column stk-block-column stk-column stk-block stk-5fa5f34\" data-v=\"4\" data-block-id=\"5fa5f34\"><style>@media screen and (min-width:768px){.stk-5fa5f34{flex:var(--stk-flex-grow,1) 1 calc(57.2% - var(--stk-column-gap,0px) * 1 \/ 2 ) !important}}<\/style><div class=\"stk-column-wrapper stk-block-column__content stk-container stk-5fa5f34-container stk--no-background stk--no-padding\"><div class=\"stk-block-content stk-inner-blocks stk-5fa5f34-inner-blocks\">\n<figure class=\"wp-block-image alignfull size-full has-custom-border\"><img loading=\"lazy\" decoding=\"async\" width=\"2560\" height=\"1440\" src=\"https:\/\/clinicadentallamalaha.com\/wp-content\/uploads\/2023\/10\/DSC05060-scaled.jpg\" alt=\"\" class=\"wp-image-107\" style=\"border-radius:0px\" srcset=\"https:\/\/clinicadentallamalaha.com\/wp-content\/uploads\/2023\/10\/DSC05060-scaled.jpg 2560w, https:\/\/clinicadentallamalaha.com\/wp-content\/uploads\/2023\/10\/DSC05060-300x169.jpg 300w, https:\/\/clinicadentallamalaha.com\/wp-content\/uploads\/2023\/10\/DSC05060-1024x576.jpg 1024w, https:\/\/clinicadentallamalaha.com\/wp-content\/uploads\/2023\/10\/DSC05060-768x432.jpg 768w, https:\/\/clinicadentallamalaha.com\/wp-content\/uploads\/2023\/10\/DSC05060-1536x864.jpg 1536w, https:\/\/clinicadentallamalaha.com\/wp-content\/uploads\/2023\/10\/DSC05060-2048x1152.jpg 2048w, https:\/\/clinicadentallamalaha.com\/wp-content\/uploads\/2023\/10\/DSC05060-600x338.jpg 600w\" sizes=\"(max-width: 2560px) 100vw, 2560px\" \/><\/figure>\n<\/div><\/div><\/div>\n<\/div><\/div>\n\n\n\n<div class=\"wp-block-stackable-columns alignfull stk-block-columns stk-block stk-156bdfd stk-block-background\" data-block-id=\"156bdfd\"><style>.stk-156bdfd{background-color:var(--ast-global-color-7) !important;margin-bottom:0px !important}.stk-156bdfd:before{background-color:var(--ast-global-color-7) !important}<\/style><div class=\"stk-row stk-inner-blocks stk-block-content stk-content-align stk-156bdfd-column alignfull\">\n<div class=\"wp-block-stackable-column stk-block-column stk-column stk-block stk-238ced9\" data-v=\"4\" data-block-id=\"238ced9\"><div class=\"stk-column-wrapper stk-block-column__content stk-container stk-238ced9-container stk--no-background stk--no-padding\"><div class=\"stk-block-content stk-inner-blocks stk-238ced9-inner-blocks\">\n<div class=\"wp-block-stackable-heading stk-block-heading stk-block-heading--v2 stk-block stk-0c4ae4a\" id=\"strong-tecnologia-strong-br-de-vanguardia\" data-block-id=\"0c4ae4a\"><style>.stk-0c4ae4a{margin-bottom:60px !important}.stk-0c4ae4a .stk-block-heading__text{font-size:51px !important}@media screen and (max-width:1023px){.stk-0c4ae4a .stk-block-heading__text{font-size:50px !important}}<\/style><h2 class=\"stk-block-heading__text has-text-align-center\"><strong>TECNOLOG\u00cdA<\/strong> <br>DE VANGUARDIA<\/h2><\/div>\n\n\n\n<div class=\"wp-block-stackable-text stk-block-text stk-block stk-6915273\" data-block-id=\"6915273\"><style>.stk-6915273{margin-bottom:40px !important}<\/style><p class=\"stk-block-text__text has-text-align-center\">DISE\u00d1O DE SONRISA<\/p><\/div>\n\n\n\n<div class=\"wp-block-stackable-text stk-block-text stk-block stk-408e2ab\" data-block-id=\"408e2ab\"><style>.stk-408e2ab{margin-bottom:40px !important}<\/style><p class=\"stk-block-text__text has-text-align-center\">IMPLANTOLOG\u00cdA AVANZADA<\/p><\/div>\n\n\n\n<div class=\"wp-block-stackable-text stk-block-text stk-block stk-a0fdcfe\" data-block-id=\"a0fdcfe\"><p class=\"stk-block-text__text has-text-align-center\">ORTODONCIA INVISIBLE<\/p><\/div>\n<\/div><\/div><\/div>\n\n\n\n<div class=\"wp-block-stackable-column stk-block-column stk-column stk-block stk-e18f195\" data-v=\"4\" data-block-id=\"e18f195\"><div class=\"stk-column-wrapper stk-block-column__content stk-container stk-e18f195-container stk--no-background stk--no-padding\"><div class=\"stk-block-content stk-inner-blocks stk-e18f195-inner-blocks\">\n<div class=\"wp-block-stackable-image alignfull stk-block-image stk-block stk-b8e073a\" data-block-id=\"b8e073a\"><figure><span class=\"stk-img-wrapper stk-image--shape-stretch\"><img loading=\"lazy\" decoding=\"async\" class=\"stk-img wp-image-301\" src=\"http:\/\/clinicadentallamalaha.com\/wp-content\/uploads\/2023\/11\/dentista-modelo-plastico-dental-tirantes.jpg\" width=\"1000\" height=\"667\" srcset=\"https:\/\/clinicadentallamalaha.com\/wp-content\/uploads\/2023\/11\/dentista-modelo-plastico-dental-tirantes.jpg 1000w, https:\/\/clinicadentallamalaha.com\/wp-content\/uploads\/2023\/11\/dentista-modelo-plastico-dental-tirantes-300x200.jpg 300w, https:\/\/clinicadentallamalaha.com\/wp-content\/uploads\/2023\/11\/dentista-modelo-plastico-dental-tirantes-768x512.jpg 768w, https:\/\/clinicadentallamalaha.com\/wp-content\/uploads\/2023\/11\/dentista-modelo-plastico-dental-tirantes-600x400.jpg 600w\" sizes=\"(max-width: 1000px) 100vw, 1000px\" \/><\/span><\/figure><\/div>\n<\/div><\/div><\/div>\n<\/div><\/div>\n","protected":false},"excerpt":{"rendered":"<p>CONOCE NUESTRO CENTRO ODONTOL\u00d3GICO EN GRANADA Tratamientos especializados con un equipo experto en odontolog\u00eda CONT\u00c1CTANOS Instalaciones Tecnolog\u00eda y confort a tu alcance.En Cl\u00ednica Dental La Malaga contamos con la&nbsp;\u00faltima tecnolog\u00eda&nbsp;en odontolog\u00eda, acompa\u00f1adas de unas acogedoras instalaciones para que nuestros pacientes se sientan como en casa antes, durante y despu\u00e9s de su tratamiento. No nos olvidamos [&hellip;]<\/p>\n","protected":false},"author":1,"featured_media":0,"parent":0,"menu_order":0,"comment_status":"closed","ping_status":"closed","template":"","meta":{"_uag_custom_page_level_css":"","_monsterinsights_skip_tracking":false,"_monsterinsights_sitenote_active":false,"_monsterinsights_sitenote_note":"","_monsterinsights_sitenote_category":0,"site-sidebar-layout":"default","site-content-layout":"","ast-site-content-layout":"default","site-content-style":"default","site-sidebar-style":"default","ast-global-header-display":"","ast-banner-title-visibility":"","ast-main-header-display":"","ast-hfb-above-header-display":"","ast-hfb-below-header-display":"","ast-hfb-mobile-header-display":"","site-post-title":"disabled","ast-breadcrumbs-content":"","ast-featured-img":"","footer-sml-layout":"","theme-transparent-header-meta":"","adv-header-id-meta":"","stick-header-meta":"","header-above-stick-meta":"","header-main-stick-meta":"","header-below-stick-meta":"","astra-migrate-meta-layouts":"set","ast-page-background-enabled":"default","ast-page-background-meta":{"desktop":{"background-color":"var(--ast-global-color-4)","background-image":"","background-repeat":"repeat","background-position":"center center","background-size":"auto","background-attachment":"scroll","background-type":"","background-media":"","overlay-type":"","overlay-color":"","overlay-gradient":""},"tablet":{"background-color":"","background-image":"","background-repeat":"repeat","background-position":"center center","background-size":"auto","background-attachment":"scroll","background-type":"","background-media":"","overlay-type":"","overlay-color":"","overlay-gradient":""},"mobile":{"background-color":"","background-image":"","background-repeat":"repeat","background-position":"center center","background-size":"auto","background-attachment":"scroll","background-type":"","background-media":"","overlay-type":"","overlay-color":"","overlay-gradient":""}},"ast-content-background-meta":{"desktop":{"background-color":"var(--ast-global-color-5)","background-image":"","background-repeat":"repeat","background-position":"center center","background-size":"auto","background-attachment":"scroll","background-type":"","background-media":"","overlay-type":"","overlay-color":"","overlay-gradient":""},"tablet":{"background-color":"var(--ast-global-color-5)","background-image":"","background-repeat":"repeat","background-position":"center center","background-size":"auto","background-attachment":"scroll","background-type":"","background-media":"","overlay-type":"","overlay-color":"","overlay-gradient":""},"mobile":{"background-color":"var(--ast-global-color-5)","background-image":"","background-repeat":"repeat","background-position":"center center","background-size":"auto","background-attachment":"scroll","background-type":"","background-media":"","overlay-type":"","overlay-color":"","overlay-gradient":""}},"footnotes":""},"featured_image_urls":{"full":"","thumbnail":"","medium":"","medium_large":"","large":"","1536x1536":"","2048x2048":"","woocommerce_thumbnail":"","woocommerce_single":"","woocommerce_gallery_thumbnail":""},"post_excerpt_stackable":"<p>CONOCE NUESTRO CENTRO ODONTOL\u00d3GICO EN GRANADA Tratamientos especializados con un equipo experto en odontolog\u00eda CONT\u00c1CTANOS Instalaciones Tecnolog\u00eda y confort a tu alcance.En Cl\u00ednica Dental La Malaga contamos con la&nbsp;\u00faltima tecnolog\u00eda&nbsp;en odontolog\u00eda, acompa\u00f1adas de unas acogedoras instalaciones para que nuestros pacientes se sientan como en casa antes, durante y despu\u00e9s de su tratamiento. No nos olvidamos de tus acompa\u00f1antes, por ello en Cl\u00ednica La Malaha adem\u00e1s de cuidar de tu salud, ofrecemos a aquellos que acuden contigo caf\u00e9 y un c\u00f3modo espacio donde su espera sea de lo m\u00e1s agradable. EQUIPO DE PROFESIONALES LA MALAH\u00c1 Nuestro sello es la excelencia sanitaria&hellip;<\/p>\n","category_list":"","author_info":{"name":"clinicadentallamalaha.com","url":"https:\/\/clinicadentallamalaha.com\/?author=1"},"comments_num":"0 comentarios","yoast_head":"<!-- This site is optimized with the Yoast SEO plugin v22.5 - https:\/\/yoast.com\/wordpress\/plugins\/seo\/ -->\n<title>La cl\u00ednica -<\/title>\n<meta name=\"robots\" content=\"index, follow, max-snippet:-1, max-image-preview:large, max-video-preview:-1\" \/>\n<link rel=\"canonical\" href=\"https:\/\/clinicadentallamalaha.com\/?page_id=37\" \/>\n<meta property=\"og:locale\" content=\"es_ES\" \/>\n<meta property=\"og:type\" content=\"article\" \/>\n<meta property=\"og:title\" content=\"La cl\u00ednica -\" \/>\n<meta property=\"og:description\" content=\"CONOCE NUESTRO CENTRO ODONTOL\u00d3GICO EN GRANADA Tratamientos especializados con un equipo experto en odontolog\u00eda CONT\u00c1CTANOS Instalaciones Tecnolog\u00eda y confort a tu alcance.En Cl\u00ednica Dental La Malaga contamos con la&nbsp;\u00faltima tecnolog\u00eda&nbsp;en odontolog\u00eda, acompa\u00f1adas de unas acogedoras instalaciones para que nuestros pacientes se sientan como en casa antes, durante y despu\u00e9s de su tratamiento. No nos olvidamos [&hellip;]\" \/>\n<meta property=\"og:url\" content=\"https:\/\/clinicadentallamalaha.com\/?page_id=37\" \/>\n<meta property=\"article:modified_time\" content=\"2024-04-26T15:33:17+00:00\" \/>\n<meta property=\"og:image\" content=\"http:\/\/clinicadentallamalaha.com\/wp-content\/uploads\/2023\/09\/DSC04996-1024x576.jpg\" \/>\n<meta name=\"twitter:card\" content=\"summary_large_image\" \/>\n<meta name=\"twitter:label1\" content=\"Tiempo de lectura\" \/>\n\t<meta name=\"twitter:data1\" content=\"2 minutos\" \/>\n<script type=\"application\/ld+json\" class=\"yoast-schema-graph\">{\"@context\":\"https:\/\/schema.org\",\"@graph\":[{\"@type\":\"WebPage\",\"@id\":\"https:\/\/clinicadentallamalaha.com\/?page_id=37\",\"url\":\"https:\/\/clinicadentallamalaha.com\/?page_id=37\",\"name\":\"La cl\u00ednica -\",\"isPartOf\":{\"@id\":\"https:\/\/clinicadentallamalaha.com\/#website\"},\"primaryImageOfPage\":{\"@id\":\"https:\/\/clinicadentallamalaha.com\/?page_id=37#primaryimage\"},\"image\":{\"@id\":\"https:\/\/clinicadentallamalaha.com\/?page_id=37#primaryimage\"},\"thumbnailUrl\":\"http:\/\/clinicadentallamalaha.com\/wp-content\/uploads\/2023\/09\/DSC04996-1024x576.jpg\",\"datePublished\":\"2023-09-22T11:01:59+00:00\",\"dateModified\":\"2024-04-26T15:33:17+00:00\",\"breadcrumb\":{\"@id\":\"https:\/\/clinicadentallamalaha.com\/?page_id=37#breadcrumb\"},\"inLanguage\":\"es\",\"potentialAction\":[{\"@type\":\"ReadAction\",\"target\":[\"https:\/\/clinicadentallamalaha.com\/?page_id=37\"]}]},{\"@type\":\"ImageObject\",\"inLanguage\":\"es\",\"@id\":\"https:\/\/clinicadentallamalaha.com\/?page_id=37#primaryimage\",\"url\":\"http:\/\/clinicadentallamalaha.com\/wp-content\/uploads\/2023\/09\/DSC04996-1024x576.jpg\",\"contentUrl\":\"http:\/\/clinicadentallamalaha.com\/wp-content\/uploads\/2023\/09\/DSC04996-1024x576.jpg\"},{\"@type\":\"BreadcrumbList\",\"@id\":\"https:\/\/clinicadentallamalaha.com\/?page_id=37#breadcrumb\",\"itemListElement\":[{\"@type\":\"ListItem\",\"position\":1,\"name\":\"Portada\",\"item\":\"https:\/\/clinicadentallamalaha.com\/\"},{\"@type\":\"ListItem\",\"position\":2,\"name\":\"La cl\u00ednica\"}]},{\"@type\":\"WebSite\",\"@id\":\"https:\/\/clinicadentallamalaha.com\/#website\",\"url\":\"https:\/\/clinicadentallamalaha.com\/\",\"name\":\"\",\"description\":\"\",\"potentialAction\":[{\"@type\":\"SearchAction\",\"target\":{\"@type\":\"EntryPoint\",\"urlTemplate\":\"https:\/\/clinicadentallamalaha.com\/?s={search_term_string}\"},\"query-input\":\"required name=search_term_string\"}],\"inLanguage\":\"es\"}]}<\/script>\n<!-- \/ Yoast SEO plugin. -->","yoast_head_json":{"title":"La cl\u00ednica -","robots":{"index":"index","follow":"follow","max-snippet":"max-snippet:-1","max-image-preview":"max-image-preview:large","max-video-preview":"max-video-preview:-1"},"canonical":"https:\/\/clinicadentallamalaha.com\/?page_id=37","og_locale":"es_ES","og_type":"article","og_title":"La cl\u00ednica -","og_description":"CONOCE NUESTRO CENTRO ODONTOL\u00d3GICO EN GRANADA Tratamientos especializados con un equipo experto en odontolog\u00eda CONT\u00c1CTANOS Instalaciones Tecnolog\u00eda y confort a tu alcance.En Cl\u00ednica Dental La Malaga contamos con la&nbsp;\u00faltima tecnolog\u00eda&nbsp;en odontolog\u00eda, acompa\u00f1adas de unas acogedoras instalaciones para que nuestros pacientes se sientan como en casa antes, durante y despu\u00e9s de su tratamiento. No nos olvidamos [&hellip;]","og_url":"https:\/\/clinicadentallamalaha.com\/?page_id=37","article_modified_time":"2024-04-26T15:33:17+00:00","og_image":[{"url":"http:\/\/clinicadentallamalaha.com\/wp-content\/uploads\/2023\/09\/DSC04996-1024x576.jpg"}],"twitter_card":"summary_large_image","twitter_misc":{"Tiempo de lectura":"2 minutos"},"schema":{"@context":"https:\/\/schema.org","@graph":[{"@type":"WebPage","@id":"https:\/\/clinicadentallamalaha.com\/?page_id=37","url":"https:\/\/clinicadentallamalaha.com\/?page_id=37","name":"La cl\u00ednica -","isPartOf":{"@id":"https:\/\/clinicadentallamalaha.com\/#website"},"primaryImageOfPage":{"@id":"https:\/\/clinicadentallamalaha.com\/?page_id=37#primaryimage"},"image":{"@id":"https:\/\/clinicadentallamalaha.com\/?page_id=37#primaryimage"},"thumbnailUrl":"http:\/\/clinicadentallamalaha.com\/wp-content\/uploads\/2023\/09\/DSC04996-1024x576.jpg","datePublished":"2023-09-22T11:01:59+00:00","dateModified":"2024-04-26T15:33:17+00:00","breadcrumb":{"@id":"https:\/\/clinicadentallamalaha.com\/?page_id=37#breadcrumb"},"inLanguage":"es","potentialAction":[{"@type":"ReadAction","target":["https:\/\/clinicadentallamalaha.com\/?page_id=37"]}]},{"@type":"ImageObject","inLanguage":"es","@id":"https:\/\/clinicadentallamalaha.com\/?page_id=37#primaryimage","url":"http:\/\/clinicadentallamalaha.com\/wp-content\/uploads\/2023\/09\/DSC04996-1024x576.jpg","contentUrl":"http:\/\/clinicadentallamalaha.com\/wp-content\/uploads\/2023\/09\/DSC04996-1024x576.jpg"},{"@type":"BreadcrumbList","@id":"https:\/\/clinicadentallamalaha.com\/?page_id=37#breadcrumb","itemListElement":[{"@type":"ListItem","position":1,"name":"Portada","item":"https:\/\/clinicadentallamalaha.com\/"},{"@type":"ListItem","position":2,"name":"La cl\u00ednica"}]},{"@type":"WebSite","@id":"https:\/\/clinicadentallamalaha.com\/#website","url":"https:\/\/clinicadentallamalaha.com\/","name":"","description":"","potentialAction":[{"@type":"SearchAction","target":{"@type":"EntryPoint","urlTemplate":"https:\/\/clinicadentallamalaha.com\/?s={search_term_string}"},"query-input":"required name=search_term_string"}],"inLanguage":"es"}]}},"uagb_featured_image_src":{"full":false,"thumbnail":false,"medium":false,"medium_large":false,"large":false,"1536x1536":false,"2048x2048":false,"woocommerce_thumbnail":false,"woocommerce_single":false,"woocommerce_gallery_thumbnail":false},"uagb_author_info":{"display_name":"clinicadentallamalaha.com","author_link":"https:\/\/clinicadentallamalaha.com\/?author=1"},"uagb_comment_info":0,"uagb_excerpt":"CONOCE NUESTRO CENTRO ODONTOL\u00d3GICO EN GRANADA Tratamientos especializados con un equipo experto en odontolog\u00eda CONT\u00c1CTANOS Instalaciones Tecnolog\u00eda y confort a tu alcance.En Cl\u00ednica Dental La Malaga contamos con la&nbsp;\u00faltima tecnolog\u00eda&nbsp;en odontolog\u00eda, acompa\u00f1adas de unas acogedoras instalaciones para que nuestros pacientes se sientan como en casa antes, durante y despu\u00e9s de su tratamiento. No nos olvidamos&hellip;","_links":{"self":[{"href":"https:\/\/clinicadentallamalaha.com\/index.php?rest_route=\/wp\/v2\/pages\/37"}],"collection":[{"href":"https:\/\/clinicadentallamalaha.com\/index.php?rest_route=\/wp\/v2\/pages"}],"about":[{"href":"https:\/\/clinicadentallamalaha.com\/index.php?rest_route=\/wp\/v2\/types\/page"}],"author":[{"embeddable":true,"href":"https:\/\/clinicadentallamalaha.com\/index.php?rest_route=\/wp\/v2\/users\/1"}],"replies":[{"embeddable":true,"href":"https:\/\/clinicadentallamalaha.com\/index.php?rest_route=%2Fwp%2Fv2%2Fcomments&post=37"}],"version-history":[{"count":54,"href":"https:\/\/clinicadentallamalaha.com\/index.php?rest_route=\/wp\/v2\/pages\/37\/revisions"}],"predecessor-version":[{"id":990,"href":"https:\/\/clinicadentallamalaha.com\/index.php?rest_route=\/wp\/v2\/pages\/37\/revisions\/990"}],"wp:attachment":[{"href":"https:\/\/clinicadentallamalaha.com\/index.php?rest_route=%2Fwp%2Fv2%2Fmedia&parent=37"}],"curies":[{"name":"wp","href":"https:\/\/api.w.org\/{rel}","templated":true}]}}